{"id":19,"date":"2013-08-17T21:14:05","date_gmt":"2013-08-17T20:14:05","guid":{"rendered":"http:\/\/tempetedelouest.fr\/blog\/?page_id=19"},"modified":"2025-01-14T15:01:25","modified_gmt":"2025-01-14T14:01:25","slug":"contact","status":"publish","type":"page","link":"https:\/\/www.tempetedelouest.fr\/blog\/contact\/","title":{"rendered":"Contactez-nous"},"content":{"rendered":"\n<div class=\"row-fluid\" style=\"display: block;\">\n<div class=\"span6\" style=\"text-align: center;\">\u00a0<\/div>\n<\/div>\n<h5 style=\"text-align: center;\">O\u00f9 sommes-nous ?<\/h5>\n<p style=\"text-align: center;\">Ploumagoar, Bretagne<\/p>\n<p style=\"text-align: center;\">Si vous avez la moindre question ou une suggestion \u00e0 nous faire, vous pouvez nous contacter gr\u00e2ce au formulaire ci-dessous. Nous vous r\u00e9pondrons le plus rapidement possible.<\/p>\n<blockquote>\n<p style=\"text-align: center;\"><span style=\"font-size: 115%;\"><span style=\"color: #ff0000;\">\/! Vous naviguez actuellement sur le blog (site informatif et d&rsquo;actualit\u00e9s) de Temp\u00eate de l&rsquo;Ouest ! <strong>Pour toutes informations relatives \u00e0 un achat ou une commande<\/strong>, questions avant ou apr\u00e8s-vente, rendez-vous sur le <strong>formulaire de contact officiel de la boutique<\/strong> :<\/span> <a href=\"https:\/\/www.tempetedelouest.fr\/contact\/\">ww.tempetedelouest.fr\/contact\/<\/a><\/span><\/p>\n<\/blockquote>\n<div class=\"contactformcase span6\">\n<h2 class=\"title-contact\">Envoyez-nous un mail<\/h2>\n<\/div>\n\n<div class=\"wpcf7 no-js\" id=\"wpcf7-f11-o1\" lang=\"fr-FR\" dir=\"ltr\">\n<div class=\"screen-reader-response\"><p role=\"status\" aria-live=\"polite\" aria-atomic=\"true\"><\/p> <ul><\/ul><\/div>\n<form action=\"\/blog\/wp-json\/wp\/v2\/pages\/19#wpcf7-f11-o1\" method=\"post\" class=\"wpcf7-form init\" aria-label=\"Formulaire de contact\" novalidate=\"novalidate\" data-status=\"init\">\n<div style=\"display: none;\">\n<input type=\"hidden\" name=\"_wpcf7\" value=\"11\" \/>\n<input type=\"hidden\" name=\"_wpcf7_version\" value=\"5.7.4\" \/>\n<input type=\"hidden\" name=\"_wpcf7_locale\" value=\"fr_FR\" \/>\n<input type=\"hidden\" name=\"_wpcf7_unit_tag\" value=\"wpcf7-f11-o1\" \/>\n<input type=\"hidden\" name=\"_wpcf7_container_post\" value=\"0\" \/>\n<input type=\"hidden\" name=\"_wpcf7_posted_data_hash\" value=\"\" \/>\n<\/div>\n<p><b>Votre nom<\/b>\n<\/p>\n<p><span class=\"wpcf7-form-control-wrap\" data-name=\"your-name\"><input size=\"40\" class=\"wpcf7-form-control wpcf7-text wpcf7-validates-as-required\" aria-required=\"true\" aria-invalid=\"false\" value=\"\" type=\"text\" name=\"your-name\" \/><\/span>\n<\/p>\n<p><b>Votre email<\/b>\n<\/p>\n<p><span class=\"wpcf7-form-control-wrap\" data-name=\"your-email\"><input size=\"40\" class=\"wpcf7-form-control wpcf7-text wpcf7-email wpcf7-validates-as-required wpcf7-validates-as-email\" aria-required=\"true\" aria-invalid=\"false\" value=\"\" type=\"email\" name=\"your-email\" \/><\/span>\n<\/p>\n<p><b>Objet<\/b>\n<\/p>\n<p><span class=\"wpcf7-form-control-wrap\" data-name=\"your-subject\"><input size=\"40\" class=\"wpcf7-form-control wpcf7-text wpcf7-validates-as-required\" aria-required=\"true\" aria-invalid=\"false\" value=\"\" type=\"text\" name=\"your-subject\" \/><\/span>\n<\/p>\n<p><b>Votre message<\/b>\n<\/p>\n<p><span class=\"wpcf7-form-control-wrap\" data-name=\"your-message\"><textarea cols=\"40\" rows=\"10\" class=\"wpcf7-form-control wpcf7-textarea wpcf7-validates-as-required\" aria-required=\"true\" aria-invalid=\"false\" name=\"your-message\"><\/textarea><\/span>\n<\/p>\n<p><input type=\"hidden\" name=\"_wpcf7_captcha_challenge_captcha-931\" value=\"3039895835\" \/><img loading=\"lazy\" decoding=\"async\" class=\"wpcf7-form-control wpcf7-captchac wpcf7-captcha-captcha-931\" width=\"72\" height=\"24\" alt=\"captcha\" src=\"https:\/\/www.tempetedelouest.fr\/blog\/wp-content\/uploads\/wpcf7_captcha\/3039895835.png\" \/><span class=\"wpcf7-form-control-wrap\" data-name=\"captcha-931\"><input size=\"40\" class=\"wpcf7-form-control wpcf7-captchar\" autocomplete=\"off\" aria-invalid=\"false\" value=\"\" type=\"text\" name=\"captcha-931\" \/><\/span>\n<\/p>\n<p><input class=\"wpcf7-form-control has-spinner wpcf7-submit\" type=\"submit\" value=\"Envoyer\" \/>\n<\/p><p style=\"display: none !important;\" class=\"akismet-fields-container\" data-prefix=\"_wpcf7_ak_\"><label>&#916;<textarea name=\"_wpcf7_ak_hp_textarea\" cols=\"45\" rows=\"8\" maxlength=\"100\"><\/textarea><\/label><input type=\"hidden\" id=\"ak_js_1\" name=\"_wpcf7_ak_js\" value=\"183\"\/><script>document.getElementById( \"ak_js_1\" ).setAttribute( \"value\", ( new Date() ).getTime() );<\/script><\/p><div class=\"wpcf7-response-output\" aria-hidden=\"true\"><\/div>\n<\/form>\n<\/div>\n\n\n<\/div>\n\n","protected":false},"excerpt":{"rendered":"","protected":false},"author":1,"featured_media":0,"parent":0,"menu_order":0,"comment_status":"closed","ping_status":"closed","template":"","meta":{"footnotes":""},"class_list":["post-19","page","type-page","status-publish","hentry"],"yoast_head":"<!-- This site is optimized with the Yoast SEO plugin v27.1.1 - https:\/\/yoast.com\/product\/yoast-seo-wordpress\/ -->\n<title>Contactez l&#039;\u00e9quipe de Temp\u00eate de l&#039;Ouest<\/title>\n<meta name=\"description\" content=\"Si vous souhaitez prendre contact avec nous, vous trouverez toutes les infos utiles. T\u00e9l\u00e9phone, E-mail.. nous sommes \u00e0 votre service !\" \/>\n<meta name=\"robots\" content=\"index, follow, max-snippet:-1, max-image-preview:large, max-video-preview:-1\" \/>\n<link rel=\"canonical\" href=\"https:\/\/www.tempetedelouest.fr\/blog\/contact\/\" \/>\n<meta property=\"og:locale\" content=\"fr_FR\" \/>\n<meta property=\"og:type\" content=\"article\" \/>\n<meta property=\"og:title\" content=\"Contactez l&#039;\u00e9quipe de Temp\u00eate de l&#039;Ouest\" \/>\n<meta property=\"og:description\" content=\"Si vous souhaitez prendre contact avec nous, vous trouverez toutes les infos utiles. T\u00e9l\u00e9phone, E-mail.. nous sommes \u00e0 votre service !\" \/>\n<meta property=\"og:url\" content=\"https:\/\/www.tempetedelouest.fr\/blog\/contact\/\" \/>\n<meta property=\"og:site_name\" content=\"Le blog de Temp\u00eate de l&#039;Ouest !\" \/>\n<meta property=\"article:publisher\" content=\"https:\/\/www.facebook.com\/TempetedeLouest\" \/>\n<meta property=\"article:modified_time\" content=\"2025-01-14T14:01:25+00:00\" \/>\n<meta name=\"twitter:card\" content=\"summary_large_image\" \/>\n<meta name=\"twitter:site\" content=\"@tempetedelouest\" \/>\n<meta name=\"twitter:label1\" content=\"Dur\u00e9e de lecture estim\u00e9e\" \/>\n\t<meta name=\"twitter:data1\" content=\"1 minute\" \/>\n<script type=\"application\/ld+json\" class=\"yoast-schema-graph\">{\"@context\":\"https:\/\/schema.org\",\"@graph\":[{\"@type\":\"WebPage\",\"@id\":\"https:\/\/www.tempetedelouest.fr\/blog\/contact\/\",\"url\":\"https:\/\/www.tempetedelouest.fr\/blog\/contact\/\",\"name\":\"Contactez l'\u00e9quipe de Temp\u00eate de l'Ouest\",\"isPartOf\":{\"@id\":\"https:\/\/www.tempetedelouest.fr\/blog\/#website\"},\"datePublished\":\"2013-08-17T20:14:05+00:00\",\"dateModified\":\"2025-01-14T14:01:25+00:00\",\"description\":\"Si vous souhaitez prendre contact avec nous, vous trouverez toutes les infos utiles. T\u00e9l\u00e9phone, E-mail.. nous sommes \u00e0 votre service !\",\"breadcrumb\":{\"@id\":\"https:\/\/www.tempetedelouest.fr\/blog\/contact\/#breadcrumb\"},\"inLanguage\":\"fr-FR\",\"potentialAction\":[{\"@type\":\"ReadAction\",\"target\":[\"https:\/\/www.tempetedelouest.fr\/blog\/contact\/\"]}]},{\"@type\":\"BreadcrumbList\",\"@id\":\"https:\/\/www.tempetedelouest.fr\/blog\/contact\/#breadcrumb\",\"itemListElement\":[{\"@type\":\"ListItem\",\"position\":1,\"name\":\"Accueil\",\"item\":\"https:\/\/www.tempetedelouest.fr\/blog\/\"},{\"@type\":\"ListItem\",\"position\":2,\"name\":\"Contactez-nous\"}]},{\"@type\":\"WebSite\",\"@id\":\"https:\/\/www.tempetedelouest.fr\/blog\/#website\",\"url\":\"https:\/\/www.tempetedelouest.fr\/blog\/\",\"name\":\"Le blog de Temp\u00eate de l'Ouest !\",\"description\":\"Un raz de mar\u00e9e d&#039;infos sur la gastronomie bretonne\",\"potentialAction\":[{\"@type\":\"SearchAction\",\"target\":{\"@type\":\"EntryPoint\",\"urlTemplate\":\"https:\/\/www.tempetedelouest.fr\/blog\/?s={search_term_string}\"},\"query-input\":{\"@type\":\"PropertyValueSpecification\",\"valueRequired\":true,\"valueName\":\"search_term_string\"}}],\"inLanguage\":\"fr-FR\"}]}<\/script>\n<!-- \/ Yoast SEO plugin. -->","yoast_head_json":{"title":"Contactez l'\u00e9quipe de Temp\u00eate de l'Ouest","description":"Si vous souhaitez prendre contact avec nous, vous trouverez toutes les infos utiles. T\u00e9l\u00e9phone, E-mail.. nous sommes \u00e0 votre service !","robots":{"index":"index","follow":"follow","max-snippet":"max-snippet:-1","max-image-preview":"max-image-preview:large","max-video-preview":"max-video-preview:-1"},"canonical":"https:\/\/www.tempetedelouest.fr\/blog\/contact\/","og_locale":"fr_FR","og_type":"article","og_title":"Contactez l'\u00e9quipe de Temp\u00eate de l'Ouest","og_description":"Si vous souhaitez prendre contact avec nous, vous trouverez toutes les infos utiles. T\u00e9l\u00e9phone, E-mail.. nous sommes \u00e0 votre service !","og_url":"https:\/\/www.tempetedelouest.fr\/blog\/contact\/","og_site_name":"Le blog de Temp\u00eate de l&#039;Ouest !","article_publisher":"https:\/\/www.facebook.com\/TempetedeLouest","article_modified_time":"2025-01-14T14:01:25+00:00","twitter_card":"summary_large_image","twitter_site":"@tempetedelouest","twitter_misc":{"Dur\u00e9e de lecture estim\u00e9e":"1 minute"},"schema":{"@context":"https:\/\/schema.org","@graph":[{"@type":"WebPage","@id":"https:\/\/www.tempetedelouest.fr\/blog\/contact\/","url":"https:\/\/www.tempetedelouest.fr\/blog\/contact\/","name":"Contactez l'\u00e9quipe de Temp\u00eate de l'Ouest","isPartOf":{"@id":"https:\/\/www.tempetedelouest.fr\/blog\/#website"},"datePublished":"2013-08-17T20:14:05+00:00","dateModified":"2025-01-14T14:01:25+00:00","description":"Si vous souhaitez prendre contact avec nous, vous trouverez toutes les infos utiles. T\u00e9l\u00e9phone, E-mail.. nous sommes \u00e0 votre service !","breadcrumb":{"@id":"https:\/\/www.tempetedelouest.fr\/blog\/contact\/#breadcrumb"},"inLanguage":"fr-FR","potentialAction":[{"@type":"ReadAction","target":["https:\/\/www.tempetedelouest.fr\/blog\/contact\/"]}]},{"@type":"BreadcrumbList","@id":"https:\/\/www.tempetedelouest.fr\/blog\/contact\/#breadcrumb","itemListElement":[{"@type":"ListItem","position":1,"name":"Accueil","item":"https:\/\/www.tempetedelouest.fr\/blog\/"},{"@type":"ListItem","position":2,"name":"Contactez-nous"}]},{"@type":"WebSite","@id":"https:\/\/www.tempetedelouest.fr\/blog\/#website","url":"https:\/\/www.tempetedelouest.fr\/blog\/","name":"Le blog de Temp\u00eate de l'Ouest !","description":"Un raz de mar\u00e9e d&#039;infos sur la gastronomie bretonne","potentialAction":[{"@type":"SearchAction","target":{"@type":"EntryPoint","urlTemplate":"https:\/\/www.tempetedelouest.fr\/blog\/?s={search_term_string}"},"query-input":{"@type":"PropertyValueSpecification","valueRequired":true,"valueName":"search_term_string"}}],"inLanguage":"fr-FR"}]}},"_links":{"self":[{"href":"https:\/\/www.tempetedelouest.fr\/blog\/wp-json\/wp\/v2\/pages\/19","targetHints":{"allow":["GET"]}}],"collection":[{"href":"https:\/\/www.tempetedelouest.fr\/blog\/wp-json\/wp\/v2\/pages"}],"about":[{"href":"https:\/\/www.tempetedelouest.fr\/blog\/wp-json\/wp\/v2\/types\/page"}],"author":[{"embeddable":true,"href":"https:\/\/www.tempetedelouest.fr\/blog\/wp-json\/wp\/v2\/users\/1"}],"replies":[{"embeddable":true,"href":"https:\/\/www.tempetedelouest.fr\/blog\/wp-json\/wp\/v2\/comments?post=19"}],"version-history":[{"count":0,"href":"https:\/\/www.tempetedelouest.fr\/blog\/wp-json\/wp\/v2\/pages\/19\/revisions"}],"wp:attachment":[{"href":"https:\/\/www.tempetedelouest.fr\/blog\/wp-json\/wp\/v2\/media?parent=19"}],"curies":[{"name":"wp","href":"https:\/\/api.w.org\/{rel}","templated":true}]}}