{"id":17,"date":"2013-08-17T21:13:15","date_gmt":"2013-08-17T20:13:15","guid":{"rendered":"http:\/\/tempetedelouest.fr\/blog\/?page_id=17"},"modified":"2015-04-21T07:10:57","modified_gmt":"2015-04-21T06:10:57","slug":"a-propos","status":"publish","type":"page","link":"https:\/\/www.tempetedelouest.fr\/blog\/a-propos\/","title":{"rendered":"A propos de Temp\u00eate de l&rsquo;Ouest"},"content":{"rendered":"<p style=\"text-align: justify;\">Temp\u00eate de l&rsquo;Ouest, c&rsquo;est une boutique en ligne lanc\u00e9e par 2 passionn\u00e9s de leur r\u00e9gion, la Bretagne ! Enfin plus exactement, c&rsquo;est une \u00e9picerie de produits bretons (du sucr\u00e9 au sal\u00e9 en passant par les boissons et tous les objets les plus symboliques de la r\u00e9gion, du fameux drapeau Gwenn-ha-du \u00e0 la vaisselle classique ou moderne).<\/p>\n<p style=\"text-align: justify;\">Nous avons lanc\u00e9 ce blog en parall\u00e8le de la boutique pour vous faire partager notre s\u00e9lection de produits et nos essais culinaires \u00e0 partir de ceux-ci, des actus toutes fra\u00eeches sur la gastronomie bretonne (tous les \u00e9v\u00e9nements, les salons, les concours&#8230;), des interviews de Bretons de tous les horizons (cuisiniers, producteurs&#8230;), et aussi pour vous raconter notre quotidien \u00ab\u00a0derri\u00e8re les murs\u00a0\u00bb : la vie tr\u00e9pidante de e-commercant !<\/p>\n<p style=\"text-align: justify;\">Par le biais de ce blog, nous esp\u00e9rons vous faire voyager dans le monde culinaire de la Bretagne et vous prouver que les bons produits gastronomiques existent encore ! H\u00e9 oui, la France regorge de tr\u00e9sors gourmands et la Bretagne fait partie des r\u00e9gions riches en sp\u00e9cialit\u00e9s avec ses g\u00e2teaux (le kouign-amann, le far, les palets bretons, les galettes, les cr\u00eapes&#8230;), ses plats typiques (kig-ha-farz, cocos paimpolais&#8230;), ses boissons (le chouchen, l&rsquo;hydromel, le cidre&#8230;)&#8230; On pourrait vous en citer \u00e0 la pelle tellement il y en a, alors d\u00e9couvrez plut\u00f4t ses sp\u00e9cialit\u00e9s \u00e0 travers ce blog et notre boutique pour les d\u00e9guster en chair et en os \ud83d\ude09<\/p>\n<p style=\"text-align: center;\">Ken emberr (\u00e0 bient\u00f4t) cher lecteur !<\/p>\n<p style=\"text-align: right;\"><em>Les matelots de Temp\u00eate de l&rsquo;Ouest<\/em><\/p>\n<p style=\"text-align: justify;\">\n","protected":false},"excerpt":{"rendered":"<p>Temp\u00eate de l&rsquo;Ouest, c&rsquo;est une boutique en ligne lanc\u00e9e par 2 passionn\u00e9s de leur r\u00e9gion, la Bretagne ! Enfin plus exactement, c&rsquo;est une \u00e9picerie de produits bretons (du sucr\u00e9 au sal\u00e9 en passant par les boissons et tous les objets les plus symboliques de la r\u00e9gion, du fameux drapeau Gwenn-ha-du \u00e0 la vaisselle classique ou [&#8230;]\n","protected":false},"author":1,"featured_media":48,"parent":0,"menu_order":0,"comment_status":"open","ping_status":"closed","template":"","meta":{"footnotes":""},"class_list":["post-17","page","type-page","status-publish","has-post-thumbnail","hentry"],"yoast_head":"<!-- This site is optimized with the Yoast SEO plugin v27.1.1 - https:\/\/yoast.com\/product\/yoast-seo-wordpress\/ -->\n<title>Quelques mots sur l&#039;\u00e9quipe Temp\u00eate de l&#039;Ouest<\/title>\n<meta name=\"description\" content=\"Temp\u00eate de l&#039;Ouest c&#039;est avant tout une belle aventure de 2 passionn\u00e9s par le e-commerce et la gastronomie bretonne.\" \/>\n<meta name=\"robots\" content=\"index, follow, max-snippet:-1, max-image-preview:large, max-video-preview:-1\" \/>\n<link rel=\"canonical\" href=\"https:\/\/www.tempetedelouest.fr\/blog\/a-propos\/\" \/>\n<meta property=\"og:locale\" content=\"fr_FR\" \/>\n<meta property=\"og:type\" content=\"article\" \/>\n<meta property=\"og:title\" content=\"Quelques mots sur l&#039;\u00e9quipe Temp\u00eate de l&#039;Ouest\" \/>\n<meta property=\"og:description\" content=\"Temp\u00eate de l&#039;Ouest c&#039;est avant tout une belle aventure de 2 passionn\u00e9s par le e-commerce et la gastronomie bretonne.\" \/>\n<meta property=\"og:url\" content=\"https:\/\/www.tempetedelouest.fr\/blog\/a-propos\/\" \/>\n<meta property=\"og:site_name\" content=\"Le blog de Temp\u00eate de l&#039;Ouest !\" \/>\n<meta property=\"article:publisher\" content=\"https:\/\/www.facebook.com\/TempetedeLouest\" \/>\n<meta property=\"article:modified_time\" content=\"2015-04-21T06:10:57+00:00\" \/>\n<meta property=\"og:image\" content=\"https:\/\/www.tempetedelouest.fr\/blog\/wp-content\/uploads\/2013\/08\/post_standard.jpg\" \/>\n\t<meta property=\"og:image:width\" content=\"600\" \/>\n\t<meta property=\"og:image:height\" content=\"600\" \/>\n\t<meta property=\"og:image:type\" content=\"image\/jpeg\" \/>\n<meta name=\"twitter:card\" content=\"summary_large_image\" \/>\n<meta name=\"twitter:site\" content=\"@tempetedelouest\" \/>\n<meta name=\"twitter:label1\" content=\"Dur\u00e9e de lecture estim\u00e9e\" \/>\n\t<meta name=\"twitter:data1\" content=\"1 minute\" \/>\n<script type=\"application\/ld+json\" class=\"yoast-schema-graph\">{\"@context\":\"https:\/\/schema.org\",\"@graph\":[{\"@type\":\"WebPage\",\"@id\":\"https:\/\/www.tempetedelouest.fr\/blog\/a-propos\/\",\"url\":\"https:\/\/www.tempetedelouest.fr\/blog\/a-propos\/\",\"name\":\"Quelques mots sur l'\u00e9quipe Temp\u00eate de l'Ouest\",\"isPartOf\":{\"@id\":\"https:\/\/www.tempetedelouest.fr\/blog\/#website\"},\"primaryImageOfPage\":{\"@id\":\"https:\/\/www.tempetedelouest.fr\/blog\/a-propos\/#primaryimage\"},\"image\":{\"@id\":\"https:\/\/www.tempetedelouest.fr\/blog\/a-propos\/#primaryimage\"},\"thumbnailUrl\":\"https:\/\/www.tempetedelouest.fr\/blog\/wp-content\/uploads\/2013\/08\/post_standard.jpg\",\"datePublished\":\"2013-08-17T20:13:15+00:00\",\"dateModified\":\"2015-04-21T06:10:57+00:00\",\"description\":\"Temp\u00eate de l'Ouest c'est avant tout une belle aventure de 2 passionn\u00e9s par le e-commerce et la gastronomie bretonne.\",\"breadcrumb\":{\"@id\":\"https:\/\/www.tempetedelouest.fr\/blog\/a-propos\/#breadcrumb\"},\"inLanguage\":\"fr-FR\",\"potentialAction\":[{\"@type\":\"ReadAction\",\"target\":[\"https:\/\/www.tempetedelouest.fr\/blog\/a-propos\/\"]}]},{\"@type\":\"ImageObject\",\"inLanguage\":\"fr-FR\",\"@id\":\"https:\/\/www.tempetedelouest.fr\/blog\/a-propos\/#primaryimage\",\"url\":\"https:\/\/www.tempetedelouest.fr\/blog\/wp-content\/uploads\/2013\/08\/post_standard.jpg\",\"contentUrl\":\"https:\/\/www.tempetedelouest.fr\/blog\/wp-content\/uploads\/2013\/08\/post_standard.jpg\",\"width\":600,\"height\":600},{\"@type\":\"BreadcrumbList\",\"@id\":\"https:\/\/www.tempetedelouest.fr\/blog\/a-propos\/#breadcrumb\",\"itemListElement\":[{\"@type\":\"ListItem\",\"position\":1,\"name\":\"Accueil\",\"item\":\"https:\/\/www.tempetedelouest.fr\/blog\/\"},{\"@type\":\"ListItem\",\"position\":2,\"name\":\"A propos de Temp\u00eate de l&rsquo;Ouest\"}]},{\"@type\":\"WebSite\",\"@id\":\"https:\/\/www.tempetedelouest.fr\/blog\/#website\",\"url\":\"https:\/\/www.tempetedelouest.fr\/blog\/\",\"name\":\"Le blog de Temp\u00eate de l'Ouest !\",\"description\":\"Un raz de mar\u00e9e d&#039;infos sur la gastronomie bretonne\",\"potentialAction\":[{\"@type\":\"SearchAction\",\"target\":{\"@type\":\"EntryPoint\",\"urlTemplate\":\"https:\/\/www.tempetedelouest.fr\/blog\/?s={search_term_string}\"},\"query-input\":{\"@type\":\"PropertyValueSpecification\",\"valueRequired\":true,\"valueName\":\"search_term_string\"}}],\"inLanguage\":\"fr-FR\"}]}<\/script>\n<!-- \/ Yoast SEO plugin. -->","yoast_head_json":{"title":"Quelques mots sur l'\u00e9quipe Temp\u00eate de l'Ouest","description":"Temp\u00eate de l'Ouest c'est avant tout une belle aventure de 2 passionn\u00e9s par le e-commerce et la gastronomie bretonne.","robots":{"index":"index","follow":"follow","max-snippet":"max-snippet:-1","max-image-preview":"max-image-preview:large","max-video-preview":"max-video-preview:-1"},"canonical":"https:\/\/www.tempetedelouest.fr\/blog\/a-propos\/","og_locale":"fr_FR","og_type":"article","og_title":"Quelques mots sur l'\u00e9quipe Temp\u00eate de l'Ouest","og_description":"Temp\u00eate de l'Ouest c'est avant tout une belle aventure de 2 passionn\u00e9s par le e-commerce et la gastronomie bretonne.","og_url":"https:\/\/www.tempetedelouest.fr\/blog\/a-propos\/","og_site_name":"Le blog de Temp\u00eate de l&#039;Ouest !","article_publisher":"https:\/\/www.facebook.com\/TempetedeLouest","article_modified_time":"2015-04-21T06:10:57+00:00","og_image":[{"width":600,"height":600,"url":"https:\/\/www.tempetedelouest.fr\/blog\/wp-content\/uploads\/2013\/08\/post_standard.jpg","type":"image\/jpeg"}],"twitter_card":"summary_large_image","twitter_site":"@tempetedelouest","twitter_misc":{"Dur\u00e9e de lecture estim\u00e9e":"1 minute"},"schema":{"@context":"https:\/\/schema.org","@graph":[{"@type":"WebPage","@id":"https:\/\/www.tempetedelouest.fr\/blog\/a-propos\/","url":"https:\/\/www.tempetedelouest.fr\/blog\/a-propos\/","name":"Quelques mots sur l'\u00e9quipe Temp\u00eate de l'Ouest","isPartOf":{"@id":"https:\/\/www.tempetedelouest.fr\/blog\/#website"},"primaryImageOfPage":{"@id":"https:\/\/www.tempetedelouest.fr\/blog\/a-propos\/#primaryimage"},"image":{"@id":"https:\/\/www.tempetedelouest.fr\/blog\/a-propos\/#primaryimage"},"thumbnailUrl":"https:\/\/www.tempetedelouest.fr\/blog\/wp-content\/uploads\/2013\/08\/post_standard.jpg","datePublished":"2013-08-17T20:13:15+00:00","dateModified":"2015-04-21T06:10:57+00:00","description":"Temp\u00eate de l'Ouest c'est avant tout une belle aventure de 2 passionn\u00e9s par le e-commerce et la gastronomie bretonne.","breadcrumb":{"@id":"https:\/\/www.tempetedelouest.fr\/blog\/a-propos\/#breadcrumb"},"inLanguage":"fr-FR","potentialAction":[{"@type":"ReadAction","target":["https:\/\/www.tempetedelouest.fr\/blog\/a-propos\/"]}]},{"@type":"ImageObject","inLanguage":"fr-FR","@id":"https:\/\/www.tempetedelouest.fr\/blog\/a-propos\/#primaryimage","url":"https:\/\/www.tempetedelouest.fr\/blog\/wp-content\/uploads\/2013\/08\/post_standard.jpg","contentUrl":"https:\/\/www.tempetedelouest.fr\/blog\/wp-content\/uploads\/2013\/08\/post_standard.jpg","width":600,"height":600},{"@type":"BreadcrumbList","@id":"https:\/\/www.tempetedelouest.fr\/blog\/a-propos\/#breadcrumb","itemListElement":[{"@type":"ListItem","position":1,"name":"Accueil","item":"https:\/\/www.tempetedelouest.fr\/blog\/"},{"@type":"ListItem","position":2,"name":"A propos de Temp\u00eate de l&rsquo;Ouest"}]},{"@type":"WebSite","@id":"https:\/\/www.tempetedelouest.fr\/blog\/#website","url":"https:\/\/www.tempetedelouest.fr\/blog\/","name":"Le blog de Temp\u00eate de l'Ouest !","description":"Un raz de mar\u00e9e d&#039;infos sur la gastronomie bretonne","potentialAction":[{"@type":"SearchAction","target":{"@type":"EntryPoint","urlTemplate":"https:\/\/www.tempetedelouest.fr\/blog\/?s={search_term_string}"},"query-input":{"@type":"PropertyValueSpecification","valueRequired":true,"valueName":"search_term_string"}}],"inLanguage":"fr-FR"}]}},"_links":{"self":[{"href":"https:\/\/www.tempetedelouest.fr\/blog\/wp-json\/wp\/v2\/pages\/17","targetHints":{"allow":["GET"]}}],"collection":[{"href":"https:\/\/www.tempetedelouest.fr\/blog\/wp-json\/wp\/v2\/pages"}],"about":[{"href":"https:\/\/www.tempetedelouest.fr\/blog\/wp-json\/wp\/v2\/types\/page"}],"author":[{"embeddable":true,"href":"https:\/\/www.tempetedelouest.fr\/blog\/wp-json\/wp\/v2\/users\/1"}],"replies":[{"embeddable":true,"href":"https:\/\/www.tempetedelouest.fr\/blog\/wp-json\/wp\/v2\/comments?post=17"}],"version-history":[{"count":0,"href":"https:\/\/www.tempetedelouest.fr\/blog\/wp-json\/wp\/v2\/pages\/17\/revisions"}],"wp:featuredmedia":[{"embeddable":true,"href":"https:\/\/www.tempetedelouest.fr\/blog\/wp-json\/wp\/v2\/media\/48"}],"wp:attachment":[{"href":"https:\/\/www.tempetedelouest.fr\/blog\/wp-json\/wp\/v2\/media?parent=17"}],"curies":[{"name":"wp","href":"https:\/\/api.w.org\/{rel}","templated":true}]}}